{"id":93,"date":"2023-12-11T15:35:12","date_gmt":"2023-12-11T14:35:12","guid":{"rendered":"https:\/\/aupar.info\/?page_id=93"},"modified":"2025-08-11T16:00:35","modified_gmt":"2025-08-11T14:00:35","slug":"presentation","status":"publish","type":"page","link":"https:\/\/aupar.info\/?page_id=93","title":{"rendered":"AUPAR Pr\u00e9sentation"},"content":{"rendered":"\n<div style=\"height:50px\" aria-hidden=\"true\" class=\"wp-block-spacer\"><\/div>\n\n\n\n<p><\/p>\n\n\n\n<div class=\"wp-block-group has-x-large-font-size has-global-padding is-content-justification-center is-layout-constrained wp-block-group-is-layout-constrained\">\n<div class=\"wp-block-file\"><a id=\"wp-block-file--media-d21e1c3f-4ebc-4b93-ab14-b410224ab075\" href=\"https:\/\/aupar.info\/wp-content\/uploads\/2023\/12\/STATUTSAUPAR.pdf\">Nos statuts<\/a><\/div>\n\n\n\n<div class=\"wp-block-file\"><a id=\"wp-block-file--media-6b2ba1d0-9c02-40d3-8987-d0d57881c52f\" href=\"https:\/\/aupar.info\/wp-content\/uploads\/2023\/12\/REGLEMENTINTERIEUR.pdf\">R\u00e9glement Int\u00e9rieur<\/a><\/div>\n<\/div>\n\n\n\n<figure class=\"wp-block-image alignwide size-full is-style-rounded is-style-rounded--1\"><img loading=\"lazy\" decoding=\"async\" width=\"1200\" height=\"800\" src=\"https:\/\/aupar.info\/wp-content\/uploads\/2023\/12\/trombinoscope.png\" alt=\"\" class=\"wp-image-94\" srcset=\"https:\/\/aupar.info\/wp-content\/uploads\/2023\/12\/trombinoscope.png 1200w, https:\/\/aupar.info\/wp-content\/uploads\/2023\/12\/trombinoscope-300x200.png 300w, https:\/\/aupar.info\/wp-content\/uploads\/2023\/12\/trombinoscope-1024x683.png 1024w, https:\/\/aupar.info\/wp-content\/uploads\/2023\/12\/trombinoscope-768x512.png 768w\" sizes=\"auto, (max-width: 1200px) 100vw, 1200px\" \/><\/figure>\n\n\n\n<div class=\"wp-block-buttons is-layout-flex wp-block-buttons-is-layout-flex\">\n<div class=\"wp-block-button\"><a class=\"wp-block-button__link wp-element-button\" href=\"https:\/\/aupar.info\/wp-content\/uploads\/2025\/08\/Hors-Serie-FNPA-sur-le-CLUPIP.pdf\" target=\"_blank\" rel=\"noreferrer noopener\">vous \u00eates aussi repr\u00e9sent\u00e9s au CONSEIL PORTUAIRE par le CLUPP : en savoir plus ici<\/a><\/div>\n\n\n<\/div>\n","protected":false},"excerpt":{"rendered":"","protected":false},"author":1,"featured_media":0,"parent":0,"menu_order":0,"comment_status":"closed","ping_status":"closed","template":"page-no-title","meta":{"footnotes":""},"class_list":["post-93","page","type-page","status-publish","hentry"],"_links":{"self":[{"href":"https:\/\/aupar.info\/index.php?rest_route=\/wp\/v2\/pages\/93","targetHints":{"allow":["GET"]}}],"collection":[{"href":"https:\/\/aupar.info\/index.php?rest_route=\/wp\/v2\/pages"}],"about":[{"href":"https:\/\/aupar.info\/index.php?rest_route=\/wp\/v2\/types\/page"}],"author":[{"embeddable":true,"href":"https:\/\/aupar.info\/index.php?rest_route=\/wp\/v2\/users\/1"}],"replies":[{"embeddable":true,"href":"https:\/\/aupar.info\/index.php?rest_route=%2Fwp%2Fv2%2Fcomments&post=93"}],"version-history":[{"count":16,"href":"https:\/\/aupar.info\/index.php?rest_route=\/wp\/v2\/pages\/93\/revisions"}],"predecessor-version":[{"id":999,"href":"https:\/\/aupar.info\/index.php?rest_route=\/wp\/v2\/pages\/93\/revisions\/999"}],"wp:attachment":[{"href":"https:\/\/aupar.info\/index.php?rest_route=%2Fwp%2Fv2%2Fmedia&parent=93"}],"curies":[{"name":"wp","href":"https:\/\/api.w.org\/{rel}","templated":true}]}}