{"id":394,"date":"2024-04-15T13:29:43","date_gmt":"2024-04-15T11:29:43","guid":{"rendered":"https:\/\/aupar.info\/?page_id=394"},"modified":"2024-04-15T14:50:04","modified_gmt":"2024-04-15T12:50:04","slug":"mentions-legales","status":"publish","type":"page","link":"https:\/\/aupar.info\/?page_id=394","title":{"rendered":"Mentions L\u00e9gales"},"content":{"rendered":"\n<h2 class=\"wp-block-heading\">\u00c9diteur du site<\/h2>\n\n\n\n<p>Association des Usagers du Port d&rsquo;Ars-en-R\u00e9<br>17590 ARS-EN-R\u00c9<\/p>\n\n\n\n<p>Responsable de la publication : Jean-Jacques BLANC<\/p>\n\n\n\n<h2 class=\"wp-block-heading\">H\u00e9bergement <\/h2>\n\n\n\n<p>Ce site est h\u00e9berg\u00e9 par OVH SAS 2 rue Kellermann &#8211; 59100 Roubaix &#8211; France<\/p>\n","protected":false},"excerpt":{"rendered":"<p>\u00c9diteur du site Association des Usagers du Port d&rsquo;Ars-en-R\u00e917590 ARS-EN-R\u00c9 Responsable de la publication : Jean-Jacques BLANC H\u00e9bergement Ce site est h\u00e9berg\u00e9 par OVH SAS 2 rue Kellermann &#8211; 59100 Roubaix &#8211; France<\/p>\n","protected":false},"author":1,"featured_media":0,"parent":0,"menu_order":0,"comment_status":"closed","ping_status":"closed","template":"","meta":{"footnotes":""},"class_list":["post-394","page","type-page","status-publish","hentry"],"_links":{"self":[{"href":"https:\/\/aupar.info\/index.php?rest_route=\/wp\/v2\/pages\/394","targetHints":{"allow":["GET"]}}],"collection":[{"href":"https:\/\/aupar.info\/index.php?rest_route=\/wp\/v2\/pages"}],"about":[{"href":"https:\/\/aupar.info\/index.php?rest_route=\/wp\/v2\/types\/page"}],"author":[{"embeddable":true,"href":"https:\/\/aupar.info\/index.php?rest_route=\/wp\/v2\/users\/1"}],"replies":[{"embeddable":true,"href":"https:\/\/aupar.info\/index.php?rest_route=%2Fwp%2Fv2%2Fcomments&post=394"}],"version-history":[{"count":3,"href":"https:\/\/aupar.info\/index.php?rest_route=\/wp\/v2\/pages\/394\/revisions"}],"predecessor-version":[{"id":400,"href":"https:\/\/aupar.info\/index.php?rest_route=\/wp\/v2\/pages\/394\/revisions\/400"}],"wp:attachment":[{"href":"https:\/\/aupar.info\/index.php?rest_route=%2Fwp%2Fv2%2Fmedia&parent=394"}],"curies":[{"name":"wp","href":"https:\/\/api.w.org\/{rel}","templated":true}]}}